{"id":274,"date":"2015-12-21T19:25:28","date_gmt":"2015-12-21T18:25:28","guid":{"rendered":"http:\/\/radiodigitale.fr\/musique\/?page_id=274"},"modified":"2025-01-24T08:41:09","modified_gmt":"2025-01-24T07:41:09","slug":"ambiance","status":"publish","type":"page","link":"http:\/\/www.musiquerelaxante.fr\/musique\/ambiance\/","title":{"rendered":"Ambiance"},"content":{"rendered":"<p>[et_pb_section fb_built=\u00a0\u00bb1&Prime; fullwidth=\u00a0\u00bbon\u00a0\u00bb _builder_version=\u00a0\u00bb4.16&Prime; global_colors_info=\u00a0\u00bb{}\u00a0\u00bb][et_pb_fullwidth_image src=\u00a0\u00bbhttp:\/\/www.musiquerelaxante.fr\/musique\/wp-content\/uploads\/2015\/12\/fond-mer.jpg\u00a0\u00bb _builder_version=\u00a0\u00bb4.16&Prime; global_colors_info=\u00a0\u00bb{}\u00a0\u00bb][\/et_pb_fullwidth_image][\/et_pb_section][et_pb_section fb_built=\u00a0\u00bb1&Prime; inner_shadow=\u00a0\u00bbon\u00a0\u00bb admin_label=\u00a0\u00bbsection\u00a0\u00bb _builder_version=\u00a0\u00bb4.16&Prime; background_color=\u00a0\u00bb#ffffff\u00a0\u00bb custom_padding=\u00a0\u00bb50px||50px|\u00a0\u00bb custom_padding_tablet=\u00a0\u00bb50px||50px|\u00a0\u00bb transparent_background=\u00a0\u00bboff\u00a0\u00bb padding_mobile=\u00a0\u00bbon\u00a0\u00bb make_fullwidth=\u00a0\u00bboff\u00a0\u00bb use_custom_width=\u00a0\u00bboff\u00a0\u00bb width_unit=\u00a0\u00bbon\u00a0\u00bb global_colors_info=\u00a0\u00bb{}\u00a0\u00bb][et_pb_row _builder_version=\u00a0\u00bb4.16&Prime; background_size=\u00a0\u00bbinitial\u00a0\u00bb background_position=\u00a0\u00bbtop_left\u00a0\u00bb background_repeat=\u00a0\u00bbrepeat\u00a0\u00bb global_colors_info=\u00a0\u00bb{}\u00a0\u00bb][et_pb_column type=\u00a0\u00bb4_4&Prime; _builder_version=\u00a0\u00bb4.16&Prime; custom_padding=\u00a0\u00bb|||\u00a0\u00bb global_colors_info=\u00a0\u00bb{}\u00a0\u00bb custom_padding__hover=\u00a0\u00bb|||\u00a0\u00bb][et_pb_text _builder_version=\u00a0\u00bb4.16&Prime; background_size=\u00a0\u00bbinitial\u00a0\u00bb background_position=\u00a0\u00bbtop_left\u00a0\u00bb background_repeat=\u00a0\u00bbrepeat\u00a0\u00bb text_orientation=\u00a0\u00bbcenter\u00a0\u00bb module_alignment=\u00a0\u00bbcenter\u00a0\u00bb use_border_color=\u00a0\u00bboff\u00a0\u00bb border_color=\u00a0\u00bb#ffffff\u00a0\u00bb border_style=\u00a0\u00bbsolid\u00a0\u00bb global_colors_info=\u00a0\u00bb{}\u00a0\u00bb]<\/p>\n<h2 style=\"text-align: center;\">S\u00e9lection de radios musicales pour la relaxation<\/h2>\n<p>[\/et_pb_text][et_pb_portfolio fullwidth=\u00a0\u00bboff\u00a0\u00bb include_categories=\u00a0\u00bb16&Prime; show_categories=\u00a0\u00bboff\u00a0\u00bb hover_icon=\u00a0\u00bb&#xe04e;||divi||400&Prime; _builder_version=\u00a0\u00bb4.16&Prime; background_size=\u00a0\u00bbinitial\u00a0\u00bb background_position=\u00a0\u00bbtop_left\u00a0\u00bb background_repeat=\u00a0\u00bbrepeat\u00a0\u00bb use_border_color=\u00a0\u00bboff\u00a0\u00bb border_color=\u00a0\u00bb#ffffff\u00a0\u00bb border_style=\u00a0\u00bbsolid\u00a0\u00bb global_colors_info=\u00a0\u00bb{}\u00a0\u00bb][\/et_pb_portfolio][et_pb_text _builder_version=\u00a0\u00bb4.21.0&Prime; background_size=\u00a0\u00bbinitial\u00a0\u00bb background_position=\u00a0\u00bbtop_left\u00a0\u00bb background_repeat=\u00a0\u00bbrepeat\u00a0\u00bb hover_enabled=\u00a0\u00bb0&Prime; use_border_color=\u00a0\u00bboff\u00a0\u00bb border_color=\u00a0\u00bb#ffffff\u00a0\u00bb border_style=\u00a0\u00bbsolid\u00a0\u00bb global_colors_info=\u00a0\u00bb{}\u00a0\u00bb sticky_enabled=\u00a0\u00bb0&Prime;]<\/p>\n<h5 style=\"text-align: justify;\">Le site Musiquerelaxante.fr propose une s\u00e9lection de programmes musicaux sur le th\u00e8me de la relaxation et de la d\u00e9tente pour tout public. De la musique lounge, chillout ou new age en passant par du jazz soft et cool, des grands chefs d&rsquo;oeuvre de musique classique mix\u00e9s aux sons de la nature, vous trouverez certainement la radio digitale de votre choix pour vous accompagner tout au long de la journ\u00e9e avec s\u00e9r\u00e9nit\u00e9 et d\u00e9contraction. L&rsquo;objectif du site Musiquerelaxante.fr est de vous permettre de travailler dans une ambiance paisible et relax. Le soir, vous vous abandonnerez \u00e0 la m\u00e9ditation et \u00e0 un sommeil sans stress en \u00e9coutant cette s\u00e9lection musicale tr\u00e8s vari\u00e9e et adapt\u00e9e au bien-\u00eatre.<\/h5>\n<h6 style=\"text-align: justify;\"><span style=\"color: #999999;\">radios Lounge, Downtempo, Nujazz, Bossa Nova, Ambient, Easy Listening, Jazz, Smooth jazz, musique lounge music, \u00e9couter music lounge, \u00e9couter musique lounge, music lounge gratuite, radio lounge, web radio lounge, <a href=\"https:\/\/radiozen.fr\/\">radio zen<\/a>, webradio, smoothradio, radio, zik lounge, zik jazzy, easy listening, down tempo, ambient, jazz, blues, soul, new age, nu jazz, trip-hop, electro; musiquerelaxante.fr vous propose le meilleur de la musique ambient et lounge. Trip-hop, Chill-out, Electronic. Ambiance lounge radio, ABC lounge, relax radio, love radio, jazz radio, ambient radio. La d\u00e9tente en musique. lounge relax music, lounge relax music, radio lounge relax, <a href=\"https:\/\/radiozen.fr\/\">radio musique zen<\/a>, radio musique cool, radio ambiance, <a href=\"https:\/\/radiozen.fr\/\">radio ambiance zen<\/a>, radio relaxation, relaxing music radio, zen radio, web radio zen, webradio zen, radio buddha bar.<\/span><\/h6>\n<p>[\/et_pb_text][\/et_pb_column][\/et_pb_row][\/et_pb_section]<\/p>\n","protected":false},"excerpt":{"rendered":"<p>S\u00e9lection de radios musicales pour la relaxation Le site Musiquerelaxante.fr propose une s\u00e9lection de programmes musicaux sur le th\u00e8me de la relaxation et de la d\u00e9tente pour tout public. De la musique lounge, chillout ou new age en passant par du jazz soft et cool, des grands chefs d&rsquo;oeuvre de musique classique mix\u00e9s aux sons [&hellip;]<\/p>\n<div class='heateor_sss_sharing_container heateor_sss_vertical_sharing heateor_sss_bottom_sharing' style='width:44px;right: -10px;top: 100px;-webkit-box-shadow:none;box-shadow:none;' data-heateor-sss-href='http:\/\/www.musiquerelaxante.fr\/musique\/wp-json\/wp\/v2\/pages\/274'><div class=\"heateor_sss_sharing_ul\"><a aria-label=\"Facebook\" class=\"heateor_sss_facebook\" href=\"https:\/\/www.facebook.com\/sharer\/sharer.php?u=http%3A%2F%2Fwww.musiquerelaxante.fr%2Fmusique%2Fwp-json%2Fwp%2Fv2%2Fpages%2F274\" title=\"Facebook\" rel=\"nofollow noopener\" target=\"_blank\" style=\"font-size:32px!important;box-shadow:none;display:inline-block;vertical-align:middle\"><span class=\"heateor_sss_svg\" style=\"background-color:#0765FE;width:40px;height:40px;margin:0;display:inline-block;opacity:1;float:left;font-size:32px;box-shadow:none;display:inline-block;font-size:16px;padding:0 4px;vertical-align:middle;background-repeat:repeat;overflow:hidden;padding:0;cursor:pointer;box-sizing:content-box\"><svg style=\"display:block;\" focusable=\"false\" aria-hidden=\"true\" xmlns=\"http:\/\/www.w3.org\/2000\/svg\" width=\"100%\" height=\"100%\" viewBox=\"0 0 32 32\"><path fill=\"#fff\" d=\"M28 16c0-6.627-5.373-12-12-12S4 9.373 4 16c0 5.628 3.875 10.35 9.101 11.647v-7.98h-2.474V16H13.1v-1.58c0-4.085 1.849-5.978 5.859-5.978.76 0 2.072.15 2.608.298v3.325c-.283-.03-.775-.045-1.386-.045-1.967 0-2.728.745-2.728 2.683V16h3.92l-.673 3.667h-3.247v8.245C23.395 27.195 28 22.135 28 16Z\"><\/path><\/svg><\/span><\/a><a aria-label=\"Twitter\" class=\"heateor_sss_button_twitter\" href=\"https:\/\/twitter.com\/intent\/tweet?text=Musique%20gratuite%20de%20relaxation%20-%20Zen%2C%20M%C3%A9ditation%2C%20D%C3%A9tente&url=http%3A%2F%2Fwww.musiquerelaxante.fr%2Fmusique%2Fwp-json%2Fwp%2Fv2%2Fpages%2F274\" title=\"Twitter\" rel=\"nofollow noopener\" target=\"_blank\" style=\"font-size:32px!important;box-shadow:none;display:inline-block;vertical-align:middle\"><span class=\"heateor_sss_svg heateor_sss_s__default heateor_sss_s_twitter\" style=\"background-color:#55acee;width:40px;height:40px;margin:0;display:inline-block;opacity:1;float:left;font-size:32px;box-shadow:none;display:inline-block;font-size:16px;padding:0 4px;vertical-align:middle;background-repeat:repeat;overflow:hidden;padding:0;cursor:pointer;box-sizing:content-box\"><svg style=\"display:block;\" focusable=\"false\" aria-hidden=\"true\" xmlns=\"http:\/\/www.w3.org\/2000\/svg\" width=\"100%\" height=\"100%\" viewBox=\"-4 -4 39 39\"><path d=\"M28 8.557a9.913 9.913 0 0 1-2.828.775 4.93 4.93 0 0 0 2.166-2.725 9.738 9.738 0 0 1-3.13 1.194 4.92 4.92 0 0 0-3.593-1.55 4.924 4.924 0 0 0-4.794 6.049c-4.09-.21-7.72-2.17-10.15-5.15a4.942 4.942 0 0 0-.665 2.477c0 1.71.87 3.214 2.19 4.1a4.968 4.968 0 0 1-2.23-.616v.06c0 2.39 1.7 4.38 3.952 4.83-.414.115-.85.174-1.297.174-.318 0-.626-.03-.928-.086a4.935 4.935 0 0 0 4.6 3.42 9.893 9.893 0 0 1-6.114 2.107c-.398 0-.79-.023-1.175-.068a13.953 13.953 0 0 0 7.55 2.213c9.056 0 14.01-7.507 14.01-14.013 0-.213-.005-.426-.015-.637.96-.695 1.795-1.56 2.455-2.55z\" fill=\"#fff\"><\/path><\/svg><\/span><\/a><a class=\"heateor_sss_more\" aria-label=\"More\" title=\"More\" rel=\"nofollow noopener\" style=\"font-size: 32px!important;border:0;box-shadow:none;display:inline-block!important;font-size:16px;padding:0 4px;vertical-align: middle;display:inline;\" href=\"http:\/\/www.musiquerelaxante.fr\/musique\/wp-json\/wp\/v2\/pages\/274\" onclick=\"event.preventDefault()\"><span class=\"heateor_sss_svg\" style=\"background-color:#ee8e2d;width:40px;height:40px;margin:0;display:inline-block!important;opacity:1;float:left;font-size:32px!important;box-shadow:none;display:inline-block;font-size:16px;padding:0 4px;vertical-align:middle;display:inline;background-repeat:repeat;overflow:hidden;padding:0;cursor:pointer;box-sizing:content-box;\" onclick=\"heateorSssMoreSharingPopup(this, 'http:\/\/www.musiquerelaxante.fr\/musique\/wp-json\/wp\/v2\/pages\/274', 'Musique%20gratuite%20de%20relaxation%20-%20Zen%2C%20M%C3%A9ditation%2C%20D%C3%A9tente', '' )\"><svg xmlns=\"http:\/\/www.w3.org\/2000\/svg\" xmlns:xlink=\"http:\/\/www.w3.org\/1999\/xlink\" viewBox=\"-.3 0 32 32\" version=\"1.1\" width=\"100%\" height=\"100%\" style=\"display:block;\" xml:space=\"preserve\"><g><path fill=\"#fff\" d=\"M18 14V8h-4v6H8v4h6v6h4v-6h6v-4h-6z\" fill-rule=\"evenodd\"><\/path><\/g><\/svg><\/span><\/a><\/div><div class=\"heateorSssClear\"><\/div><\/div>","protected":false},"author":1,"featured_media":0,"parent":0,"menu_order":0,"comment_status":"closed","ping_status":"closed","template":"","meta":{"_et_pb_use_builder":"on","_et_pb_old_content":"","_et_gb_content_width":"","footnotes":"","_links_to":"","_links_to_target":""},"class_list":["post-274","page","type-page","status-publish","hentry"],"yoast_head":"<!-- This site is optimized with the Yoast SEO plugin v27.4 - https:\/\/yoast.com\/product\/yoast-seo-wordpress\/ -->\n<title>Ambiance - Musique gratuite de relaxation<\/title>\n<meta name=\"description\" content=\"Ecoutez gratuitement une s\u00e9lection de radios musicales pour la d\u00e9tente et la nature, la pl\u00e9nitude, le bien-\u00eatre et la relaxation...\" \/>\n<meta name=\"robots\" content=\"index, follow, max-snippet:-1, max-image-preview:large, max-video-preview:-1\" \/>\n<link rel=\"canonical\" href=\"https:\/\/www.musiquerelaxante.fr\/musique\/ambiance\/\" \/>\n<meta property=\"og:locale\" content=\"fr_FR\" \/>\n<meta property=\"og:type\" content=\"article\" \/>\n<meta property=\"og:title\" content=\"Ambiance - Musique gratuite de relaxation\" \/>\n<meta property=\"og:description\" content=\"Ecoutez gratuitement une s\u00e9lection de radios musicales pour la d\u00e9tente et la nature, la pl\u00e9nitude, le bien-\u00eatre et la relaxation...\" \/>\n<meta property=\"og:url\" content=\"https:\/\/www.musiquerelaxante.fr\/musique\/ambiance\/\" \/>\n<meta property=\"og:site_name\" content=\"Musique gratuite de relaxation\" \/>\n<meta property=\"article:modified_time\" content=\"2025-01-24T07:41:09+00:00\" \/>\n<meta name=\"twitter:card\" content=\"summary_large_image\" \/>\n<meta name=\"twitter:label1\" content=\"Dur\u00e9e de lecture estim\u00e9e\" \/>\n\t<meta name=\"twitter:data1\" content=\"3 minutes\" \/>\n<script type=\"application\/ld+json\" class=\"yoast-schema-graph\">{\"@context\":\"https:\\\/\\\/schema.org\",\"@graph\":[{\"@type\":\"WebPage\",\"@id\":\"https:\\\/\\\/www.musiquerelaxante.fr\\\/musique\\\/ambiance\\\/\",\"url\":\"https:\\\/\\\/www.musiquerelaxante.fr\\\/musique\\\/ambiance\\\/\",\"name\":\"Ambiance - Musique gratuite de relaxation\",\"isPartOf\":{\"@id\":\"https:\\\/\\\/www.musiquerelaxante.fr\\\/musique\\\/#website\"},\"datePublished\":\"2015-12-21T18:25:28+00:00\",\"dateModified\":\"2025-01-24T07:41:09+00:00\",\"description\":\"Ecoutez gratuitement une s\u00e9lection de radios musicales pour la d\u00e9tente et la nature, la pl\u00e9nitude, le bien-\u00eatre et la relaxation...\",\"breadcrumb\":{\"@id\":\"https:\\\/\\\/www.musiquerelaxante.fr\\\/musique\\\/ambiance\\\/#breadcrumb\"},\"inLanguage\":\"fr-FR\",\"potentialAction\":[{\"@type\":\"ReadAction\",\"target\":[\"https:\\\/\\\/www.musiquerelaxante.fr\\\/musique\\\/ambiance\\\/\"]}]},{\"@type\":\"BreadcrumbList\",\"@id\":\"https:\\\/\\\/www.musiquerelaxante.fr\\\/musique\\\/ambiance\\\/#breadcrumb\",\"itemListElement\":[{\"@type\":\"ListItem\",\"position\":1,\"name\":\"Accueil\",\"item\":\"https:\\\/\\\/www.musiquerelaxante.fr\\\/musique\\\/\"},{\"@type\":\"ListItem\",\"position\":2,\"name\":\"Ambiance\"}]},{\"@type\":\"WebSite\",\"@id\":\"https:\\\/\\\/www.musiquerelaxante.fr\\\/musique\\\/#website\",\"url\":\"https:\\\/\\\/www.musiquerelaxante.fr\\\/musique\\\/\",\"name\":\"Musique gratuite de relaxation\",\"description\":\"Zen, M\u00e9ditation, D\u00e9tente\",\"potentialAction\":[{\"@type\":\"SearchAction\",\"target\":{\"@type\":\"EntryPoint\",\"urlTemplate\":\"https:\\\/\\\/www.musiquerelaxante.fr\\\/musique\\\/?s={search_term_string}\"},\"query-input\":{\"@type\":\"PropertyValueSpecification\",\"valueRequired\":true,\"valueName\":\"search_term_string\"}}],\"inLanguage\":\"fr-FR\"}]}<\/script>\n<!-- \/ Yoast SEO plugin. -->","yoast_head_json":{"title":"Ambiance - Musique gratuite de relaxation","description":"Ecoutez gratuitement une s\u00e9lection de radios musicales pour la d\u00e9tente et la nature, la pl\u00e9nitude, le bien-\u00eatre et la relaxation...","robots":{"index":"index","follow":"follow","max-snippet":"max-snippet:-1","max-image-preview":"max-image-preview:large","max-video-preview":"max-video-preview:-1"},"canonical":"https:\/\/www.musiquerelaxante.fr\/musique\/ambiance\/","og_locale":"fr_FR","og_type":"article","og_title":"Ambiance - Musique gratuite de relaxation","og_description":"Ecoutez gratuitement une s\u00e9lection de radios musicales pour la d\u00e9tente et la nature, la pl\u00e9nitude, le bien-\u00eatre et la relaxation...","og_url":"https:\/\/www.musiquerelaxante.fr\/musique\/ambiance\/","og_site_name":"Musique gratuite de relaxation","article_modified_time":"2025-01-24T07:41:09+00:00","twitter_card":"summary_large_image","twitter_misc":{"Dur\u00e9e de lecture estim\u00e9e":"3 minutes"},"schema":{"@context":"https:\/\/schema.org","@graph":[{"@type":"WebPage","@id":"https:\/\/www.musiquerelaxante.fr\/musique\/ambiance\/","url":"https:\/\/www.musiquerelaxante.fr\/musique\/ambiance\/","name":"Ambiance - Musique gratuite de relaxation","isPartOf":{"@id":"https:\/\/www.musiquerelaxante.fr\/musique\/#website"},"datePublished":"2015-12-21T18:25:28+00:00","dateModified":"2025-01-24T07:41:09+00:00","description":"Ecoutez gratuitement une s\u00e9lection de radios musicales pour la d\u00e9tente et la nature, la pl\u00e9nitude, le bien-\u00eatre et la relaxation...","breadcrumb":{"@id":"https:\/\/www.musiquerelaxante.fr\/musique\/ambiance\/#breadcrumb"},"inLanguage":"fr-FR","potentialAction":[{"@type":"ReadAction","target":["https:\/\/www.musiquerelaxante.fr\/musique\/ambiance\/"]}]},{"@type":"BreadcrumbList","@id":"https:\/\/www.musiquerelaxante.fr\/musique\/ambiance\/#breadcrumb","itemListElement":[{"@type":"ListItem","position":1,"name":"Accueil","item":"https:\/\/www.musiquerelaxante.fr\/musique\/"},{"@type":"ListItem","position":2,"name":"Ambiance"}]},{"@type":"WebSite","@id":"https:\/\/www.musiquerelaxante.fr\/musique\/#website","url":"https:\/\/www.musiquerelaxante.fr\/musique\/","name":"Musique gratuite de relaxation","description":"Zen, M\u00e9ditation, D\u00e9tente","potentialAction":[{"@type":"SearchAction","target":{"@type":"EntryPoint","urlTemplate":"https:\/\/www.musiquerelaxante.fr\/musique\/?s={search_term_string}"},"query-input":{"@type":"PropertyValueSpecification","valueRequired":true,"valueName":"search_term_string"}}],"inLanguage":"fr-FR"}]}},"_links":{"self":[{"href":"http:\/\/www.musiquerelaxante.fr\/musique\/wp-json\/wp\/v2\/pages\/274","targetHints":{"allow":["GET"]}}],"collection":[{"href":"http:\/\/www.musiquerelaxante.fr\/musique\/wp-json\/wp\/v2\/pages"}],"about":[{"href":"http:\/\/www.musiquerelaxante.fr\/musique\/wp-json\/wp\/v2\/types\/page"}],"author":[{"embeddable":true,"href":"http:\/\/www.musiquerelaxante.fr\/musique\/wp-json\/wp\/v2\/users\/1"}],"replies":[{"embeddable":true,"href":"http:\/\/www.musiquerelaxante.fr\/musique\/wp-json\/wp\/v2\/comments?post=274"}],"version-history":[{"count":41,"href":"http:\/\/www.musiquerelaxante.fr\/musique\/wp-json\/wp\/v2\/pages\/274\/revisions"}],"predecessor-version":[{"id":1479,"href":"http:\/\/www.musiquerelaxante.fr\/musique\/wp-json\/wp\/v2\/pages\/274\/revisions\/1479"}],"wp:attachment":[{"href":"http:\/\/www.musiquerelaxante.fr\/musique\/wp-json\/wp\/v2\/media?parent=274"}],"curies":[{"name":"wp","href":"https:\/\/api.w.org\/{rel}","templated":true}]}}